{"id":214,"date":"2022-08-05T16:05:09","date_gmt":"2022-08-05T14:05:09","guid":{"rendered":"https:\/\/gartengestaltung-cmeub.de\/web\/?page_id=214"},"modified":"2022-09-05T17:06:32","modified_gmt":"2022-09-05T15:06:32","slug":"pflastern","status":"publish","type":"page","link":"https:\/\/gartengestaltung-cmeub.de\/web\/pflastern\/","title":{"rendered":"Pflastern"},"content":{"rendered":"\n<div id=\"section-g2420a4\" class=\"wp-block-gutentor-e6 section-g2420a4 gutentor-element gutentor-element-image\"><div class=\"gutentor-element-image-box\"><div class=\"gutentor-bg-image\"><\/div><\/div><\/div>\n\n\n\n<section id=\"gm98421b2\" class=\"wp-block-gutentor-m4 section-gm98421b2 gutentor-module gutentor-advanced-columns has-image-bg has-custom-bg\"><div class=\"grid-container\"><div class=\"grid-row\">\n<div id=\"col-gm724982\" class=\"wp-block-gutentor-m4-col col-gm724982 gutentor-single-column  grid-lg-12 grid-md-12 grid-12\"><div id=\"section-gm724982\" class=\"section-gm724982 gutentor-col-wrap\">\n<div id=\"section-g67ab23\" class=\"wp-block-gutentor-e1 section-g67ab23 gutentor-element gutentor-element-advanced-text\"><div class=\"gutentor-text-wrap\"><h2 class=\"gutentor-text\">Wege &amp; Einfahrten<\/h2><\/div><\/div>\n\n\n\n<div id=\"section-g4522e2\" class=\"wp-block-gutentor-e1 section-g4522e2 gutentor-element gutentor-element-advanced-text\"><div class=\"gutentor-text-wrap\"><p class=\"gutentor-text\">Ob Natursteinpflaster oder Betonsteinpflaster. Wir bauen Ihre Wege, Einfahrten und Stellpl\u00e4tze. Von der sorgf\u00e4ltigen Vorbereitung des Untergrunds bis zum fertig verlegtem Pflaster f\u00fchren wir alle Arbeiten gerne f\u00fcr Sie aus.<\/p><\/div><\/div>\n<\/div><\/div>\n<\/div><\/div><\/section>\n\n\n\n<section id=\"gm2a35f14\" class=\"wp-block-gutentor-m4 section-gm2a35f14 gutentor-module gutentor-advanced-columns\"><div class=\"grid-container\"><div class=\"grid-row\">\n<div id=\"col-gm36985a\" class=\"wp-block-gutentor-m4-col col-gm36985a gutentor-single-column  grid-lg-12 grid-md-12 grid-12\"><div id=\"section-gm36985a\" class=\"section-gm36985a gutentor-col-wrap\">\n<section id=\"section-6c463365-fee7-454f-8947-8e51753e578c\" class=\"wp-block-gutentor-gallery gutentor-section gutentor-gallery gutentor-gallery-wrapper enable-masonry gallery-template2\"><div class=\"grid-container\"><div class=\"grid-row gutentor-grid-item-wrap full-width-row\"><div class=\"gutentor-gallery-item grid-lg-4 grid-md-4 grid-12\"><div class=\"gutentor-single-item gutentor-image gutentor-single-item-0\"><div class=\"gutentor-gallery-item-wrap\"><div class=\"gutentor-single-item-image-box\"><div class=\"gutentor-image-thumb\"><img loading=\"lazy\" decoding=\"async\" class=\"normal-image\" src=\"https:\/\/gartengestaltung-cmeub.de\/web\/wp-content\/uploads\/2022\/08\/pflaster1.jpg\" alt=\"\" height=\"675\" width=\"900\"\/><\/div><\/div><div class=\"gutentor-single-item-content\"><div class=\"gutentor-gallery-item-header\"><a href=\"https:\/\/gartengestaltung-cmeub.de\/web\/wp-content\/uploads\/2022\/08\/pflaster1.jpg\" class=\"image-gallery\"><i class=\"gallery-icon fas fa-search\"><\/i><\/a><\/div><div class=\"gutentor-gallery-item-desc\"><\/div><\/div><\/div><\/div><\/div><div class=\"gutentor-gallery-item grid-lg-4 grid-md-4 grid-12\"><div class=\"gutentor-single-item gutentor-image gutentor-single-item-1\"><div class=\"gutentor-gallery-item-wrap\"><div class=\"gutentor-single-item-image-box\"><div class=\"gutentor-image-thumb\"><img loading=\"lazy\" decoding=\"async\" class=\"normal-image\" src=\"https:\/\/gartengestaltung-cmeub.de\/web\/wp-content\/uploads\/2022\/08\/pflaster2.jpg\" alt=\"\" height=\"687\" width=\"1000\"\/><\/div><\/div><div class=\"gutentor-single-item-content\"><div class=\"gutentor-gallery-item-header\"><a href=\"https:\/\/gartengestaltung-cmeub.de\/web\/wp-content\/uploads\/2022\/08\/pflaster2.jpg\" class=\"image-gallery\"><i class=\"gallery-icon fas fa-search\"><\/i><\/a><\/div><div class=\"gutentor-gallery-item-desc\"><\/div><\/div><\/div><\/div><\/div><div class=\"gutentor-gallery-item grid-lg-4 grid-md-4 grid-12\"><div class=\"gutentor-single-item gutentor-image gutentor-single-item-2\"><div class=\"gutentor-gallery-item-wrap\"><div class=\"gutentor-single-item-image-box\"><div class=\"gutentor-image-thumb\"><img loading=\"lazy\" decoding=\"async\" class=\"normal-image\" src=\"https:\/\/gartengestaltung-cmeub.de\/web\/wp-content\/uploads\/2022\/08\/pflaster3.jpg\" alt=\"\" height=\"598\" width=\"1000\"\/><\/div><\/div><div class=\"gutentor-single-item-content\"><div class=\"gutentor-gallery-item-header\"><a href=\"https:\/\/gartengestaltung-cmeub.de\/web\/wp-content\/uploads\/2022\/08\/pflaster3.jpg\" class=\"image-gallery\"><i class=\"gallery-icon fas fa-search\"><\/i><\/a><\/div><div class=\"gutentor-gallery-item-desc\"><\/div><\/div><\/div><\/div><\/div><div class=\"gutentor-gallery-item grid-lg-4 grid-md-4 grid-12\"><div class=\"gutentor-single-item gutentor-image gutentor-single-item-3\"><div class=\"gutentor-gallery-item-wrap\"><div class=\"gutentor-single-item-image-box\"><div class=\"gutentor-image-thumb\"><img loading=\"lazy\" decoding=\"async\" class=\"normal-image\" src=\"https:\/\/gartengestaltung-cmeub.de\/web\/wp-content\/uploads\/2022\/08\/pflaster4.jpg\" alt=\"\" height=\"734\" width=\"900\"\/><\/div><\/div><div class=\"gutentor-single-item-content\"><div class=\"gutentor-gallery-item-header\"><a href=\"https:\/\/gartengestaltung-cmeub.de\/web\/wp-content\/uploads\/2022\/08\/pflaster4.jpg\" class=\"image-gallery\"><i class=\"gallery-icon fas fa-search\"><\/i><\/a><\/div><div class=\"gutentor-gallery-item-desc\"><\/div><\/div><\/div><\/div><\/div><div class=\"gutentor-gallery-item grid-lg-4 grid-md-4 grid-12\"><div class=\"gutentor-single-item gutentor-image gutentor-single-item-4\"><div class=\"gutentor-gallery-item-wrap\"><div class=\"gutentor-single-item-image-box\"><div class=\"gutentor-image-thumb\"><img loading=\"lazy\" decoding=\"async\" class=\"normal-image\" src=\"https:\/\/gartengestaltung-cmeub.de\/web\/wp-content\/uploads\/2022\/08\/pflaster5.jpg\" alt=\"\" height=\"675\" width=\"900\"\/><\/div><\/div><div class=\"gutentor-single-item-content\"><div class=\"gutentor-gallery-item-header\"><a href=\"https:\/\/gartengestaltung-cmeub.de\/web\/wp-content\/uploads\/2022\/08\/pflaster5.jpg\" class=\"image-gallery\"><i class=\"gallery-icon fas fa-search\"><\/i><\/a><\/div><div class=\"gutentor-gallery-item-desc\"><\/div><\/div><\/div><\/div><\/div><div class=\"gutentor-gallery-item grid-lg-4 grid-md-4 grid-12\"><div class=\"gutentor-single-item gutentor-image gutentor-single-item-5\"><div class=\"gutentor-gallery-item-wrap\"><div class=\"gutentor-single-item-image-box\"><div class=\"gutentor-image-thumb\"><img loading=\"lazy\" decoding=\"async\" class=\"normal-image\" src=\"https:\/\/gartengestaltung-cmeub.de\/web\/wp-content\/uploads\/2022\/08\/pflaster6.jpg\" alt=\"\" height=\"596\" width=\"889\"\/><\/div><\/div><div class=\"gutentor-single-item-content\"><div class=\"gutentor-gallery-item-header\"><a href=\"https:\/\/gartengestaltung-cmeub.de\/web\/wp-content\/uploads\/2022\/08\/pflaster6.jpg\" class=\"image-gallery\"><i class=\"gallery-icon fas fa-search\"><\/i><\/a><\/div><div class=\"gutentor-gallery-item-desc\"><\/div><\/div><\/div><\/div><\/div><div class=\"gutentor-gallery-item grid-lg-4 grid-md-4 grid-12\"><div class=\"gutentor-single-item gutentor-image gutentor-single-item-6\"><div class=\"gutentor-gallery-item-wrap\"><div class=\"gutentor-single-item-image-box\"><div class=\"gutentor-image-thumb\"><img loading=\"lazy\" decoding=\"async\" class=\"normal-image\" src=\"https:\/\/gartengestaltung-cmeub.de\/web\/wp-content\/uploads\/2022\/08\/pflaster7.jpg\" alt=\"\" height=\"589\" width=\"893\"\/><\/div><\/div><div class=\"gutentor-single-item-content\"><div class=\"gutentor-gallery-item-header\"><a href=\"https:\/\/gartengestaltung-cmeub.de\/web\/wp-content\/uploads\/2022\/08\/pflaster7.jpg\" class=\"image-gallery\"><i class=\"gallery-icon fas fa-search\"><\/i><\/a><\/div><div class=\"gutentor-gallery-item-desc\"><\/div><\/div><\/div><\/div><\/div><div class=\"gutentor-gallery-item grid-lg-4 grid-md-4 grid-12\"><div class=\"gutentor-single-item gutentor-image gutentor-single-item-7\"><div class=\"gutentor-gallery-item-wrap\"><div class=\"gutentor-single-item-image-box\"><div class=\"gutentor-image-thumb\"><img loading=\"lazy\" decoding=\"async\" class=\"normal-image\" src=\"https:\/\/gartengestaltung-cmeub.de\/web\/wp-content\/uploads\/2022\/08\/pflaster8.jpg\" alt=\"\" height=\"525\" width=\"900\"\/><\/div><\/div><div class=\"gutentor-single-item-content\"><div class=\"gutentor-gallery-item-header\"><a href=\"https:\/\/gartengestaltung-cmeub.de\/web\/wp-content\/uploads\/2022\/08\/pflaster8.jpg\" class=\"image-gallery\"><i class=\"gallery-icon fas fa-search\"><\/i><\/a><\/div><div class=\"gutentor-gallery-item-desc\"><\/div><\/div><\/div><\/div><\/div><div class=\"gutentor-gallery-item grid-lg-4 grid-md-4 grid-12\"><div class=\"gutentor-single-item gutentor-image gutentor-single-item-8\"><div class=\"gutentor-gallery-item-wrap\"><div class=\"gutentor-single-item-image-box\"><div class=\"gutentor-image-thumb\"><img loading=\"lazy\" decoding=\"async\" class=\"normal-image\" src=\"https:\/\/gartengestaltung-cmeub.de\/web\/wp-content\/uploads\/2022\/08\/pflaster9.jpg\" alt=\"\" height=\"621\" width=\"1000\"\/><\/div><\/div><div class=\"gutentor-single-item-content\"><div class=\"gutentor-gallery-item-header\"><a href=\"https:\/\/gartengestaltung-cmeub.de\/web\/wp-content\/uploads\/2022\/08\/pflaster9.jpg\" class=\"image-gallery\"><i class=\"gallery-icon fas fa-search\"><\/i><\/a><\/div><div class=\"gutentor-gallery-item-desc\"><\/div><\/div><\/div><\/div><\/div><div class=\"gutentor-gallery-item grid-lg-4 grid-md-4 grid-12\"><div class=\"gutentor-single-item gutentor-image gutentor-single-item-9\"><div class=\"gutentor-gallery-item-wrap\"><div class=\"gutentor-single-item-image-box\"><div class=\"gutentor-image-thumb\"><img loading=\"lazy\" decoding=\"async\" class=\"normal-image\" src=\"https:\/\/gartengestaltung-cmeub.de\/web\/wp-content\/uploads\/2022\/08\/pflaster10.jpg\" alt=\"\" height=\"800\" width=\"620\"\/><\/div><\/div><div class=\"gutentor-single-item-content\"><div class=\"gutentor-gallery-item-header\"><a href=\"https:\/\/gartengestaltung-cmeub.de\/web\/wp-content\/uploads\/2022\/08\/pflaster10.jpg\" class=\"image-gallery\"><i class=\"gallery-icon fas fa-search\"><\/i><\/a><\/div><div class=\"gutentor-gallery-item-desc\"><\/div><\/div><\/div><\/div><\/div><div class=\"gutentor-gallery-item grid-lg-4 grid-md-4 grid-12\"><div class=\"gutentor-single-item gutentor-image gutentor-single-item-10\"><div class=\"gutentor-gallery-item-wrap\"><div class=\"gutentor-single-item-image-box\"><div class=\"gutentor-image-thumb\"><img loading=\"lazy\" decoding=\"async\" class=\"normal-image\" src=\"https:\/\/gartengestaltung-cmeub.de\/web\/wp-content\/uploads\/2022\/08\/pflaster11.jpg\" alt=\"\" height=\"544\" width=\"900\"\/><\/div><\/div><div class=\"gutentor-single-item-content\"><div class=\"gutentor-gallery-item-header\"><a href=\"https:\/\/gartengestaltung-cmeub.de\/web\/wp-content\/uploads\/2022\/08\/pflaster11.jpg\" class=\"image-gallery\"><i class=\"gallery-icon fas fa-search\"><\/i><\/a><\/div><div class=\"gutentor-gallery-item-desc\"><\/div><\/div><\/div><\/div><\/div><div class=\"gutentor-gallery-item grid-lg-4 grid-md-4 grid-12\"><div class=\"gutentor-single-item gutentor-image gutentor-single-item-11\"><div class=\"gutentor-gallery-item-wrap\"><div class=\"gutentor-single-item-image-box\"><div class=\"gutentor-image-thumb\"><img loading=\"lazy\" decoding=\"async\" class=\"normal-image\" src=\"https:\/\/gartengestaltung-cmeub.de\/web\/wp-content\/uploads\/2022\/08\/pflaster12.jpg\" alt=\"\" height=\"589\" width=\"900\"\/><\/div><\/div><div class=\"gutentor-single-item-content\"><div class=\"gutentor-gallery-item-header\"><a href=\"https:\/\/gartengestaltung-cmeub.de\/web\/wp-content\/uploads\/2022\/08\/pflaster12.jpg\" class=\"image-gallery\"><i class=\"gallery-icon fas fa-search\"><\/i><\/a><\/div><div class=\"gutentor-gallery-item-desc\"><\/div><\/div><\/div><\/div><\/div><div class=\"gutentor-gallery-item grid-lg-4 grid-md-4 grid-12\"><div class=\"gutentor-single-item gutentor-image gutentor-single-item-12\"><div class=\"gutentor-gallery-item-wrap\"><div class=\"gutentor-single-item-image-box\"><div class=\"gutentor-image-thumb\"><img loading=\"lazy\" decoding=\"async\" class=\"normal-image\" src=\"https:\/\/gartengestaltung-cmeub.de\/web\/wp-content\/uploads\/2022\/08\/pflaster13.jpg\" alt=\"\" height=\"567\" width=\"900\"\/><\/div><\/div><div class=\"gutentor-single-item-content\"><div class=\"gutentor-gallery-item-header\"><a href=\"https:\/\/gartengestaltung-cmeub.de\/web\/wp-content\/uploads\/2022\/08\/pflaster13.jpg\" class=\"image-gallery\"><i class=\"gallery-icon fas fa-search\"><\/i><\/a><\/div><div class=\"gutentor-gallery-item-desc\"><\/div><\/div><\/div><\/div><\/div><div class=\"gutentor-gallery-item grid-lg-4 grid-md-4 grid-12\"><div class=\"gutentor-single-item gutentor-image gutentor-single-item-13\"><div class=\"gutentor-gallery-item-wrap\"><div class=\"gutentor-single-item-image-box\"><div class=\"gutentor-image-thumb\"><img loading=\"lazy\" decoding=\"async\" class=\"normal-image\" src=\"https:\/\/gartengestaltung-cmeub.de\/web\/wp-content\/uploads\/2022\/08\/pflaster14.jpg\" alt=\"\" height=\"600\" width=\"900\"\/><\/div><\/div><div class=\"gutentor-single-item-content\"><div class=\"gutentor-gallery-item-header\"><a href=\"https:\/\/gartengestaltung-cmeub.de\/web\/wp-content\/uploads\/2022\/08\/pflaster14.jpg\" class=\"image-gallery\"><i class=\"gallery-icon fas fa-search\"><\/i><\/a><\/div><div class=\"gutentor-gallery-item-desc\"><\/div><\/div><\/div><\/div><\/div><div class=\"gutentor-gallery-item grid-lg-4 grid-md-4 grid-12\"><div class=\"gutentor-single-item gutentor-image gutentor-single-item-14\"><div class=\"gutentor-gallery-item-wrap\"><div class=\"gutentor-single-item-image-box\"><div class=\"gutentor-image-thumb\"><img loading=\"lazy\" decoding=\"async\" class=\"normal-image\" src=\"https:\/\/gartengestaltung-cmeub.de\/web\/wp-content\/uploads\/2022\/08\/pflaster15.jpg\" alt=\"\" height=\"658\" width=\"900\"\/><\/div><\/div><div class=\"gutentor-single-item-content\"><div class=\"gutentor-gallery-item-header\"><a href=\"https:\/\/gartengestaltung-cmeub.de\/web\/wp-content\/uploads\/2022\/08\/pflaster15.jpg\" class=\"image-gallery\"><i class=\"gallery-icon fas fa-search\"><\/i><\/a><\/div><div class=\"gutentor-gallery-item-desc\"><\/div><\/div><\/div><\/div><\/div><div class=\"gutentor-gallery-item grid-lg-4 grid-md-4 grid-12\"><div class=\"gutentor-single-item gutentor-image gutentor-single-item-15\"><div class=\"gutentor-gallery-item-wrap\"><div class=\"gutentor-single-item-image-box\"><div class=\"gutentor-image-thumb\"><img loading=\"lazy\" decoding=\"async\" class=\"normal-image\" src=\"https:\/\/gartengestaltung-cmeub.de\/web\/wp-content\/uploads\/2022\/08\/pflaster16.jpg\" alt=\"\" height=\"800\" width=\"538\"\/><\/div><\/div><div class=\"gutentor-single-item-content\"><div class=\"gutentor-gallery-item-header\"><a href=\"https:\/\/gartengestaltung-cmeub.de\/web\/wp-content\/uploads\/2022\/08\/pflaster16.jpg\" class=\"image-gallery\"><i class=\"gallery-icon fas fa-search\"><\/i><\/a><\/div><div class=\"gutentor-gallery-item-desc\"><\/div><\/div><\/div><\/div><\/div><div class=\"gutentor-gallery-item grid-lg-4 grid-md-4 grid-12\"><div class=\"gutentor-single-item gutentor-image gutentor-single-item-16\"><div class=\"gutentor-gallery-item-wrap\"><div class=\"gutentor-single-item-image-box\"><div class=\"gutentor-image-thumb\"><img loading=\"lazy\" decoding=\"async\" class=\"normal-image\" src=\"https:\/\/gartengestaltung-cmeub.de\/web\/wp-content\/uploads\/2022\/08\/pflaster17.jpg\" alt=\"\" height=\"567\" width=\"900\"\/><\/div><\/div><div class=\"gutentor-single-item-content\"><div class=\"gutentor-gallery-item-header\"><a href=\"https:\/\/gartengestaltung-cmeub.de\/web\/wp-content\/uploads\/2022\/08\/pflaster17.jpg\" class=\"image-gallery\"><i class=\"gallery-icon fas fa-search\"><\/i><\/a><\/div><div class=\"gutentor-gallery-item-desc\"><\/div><\/div><\/div><\/div><\/div><div class=\"gutentor-gallery-item grid-lg-4 grid-md-4 grid-12\"><div class=\"gutentor-single-item gutentor-image gutentor-single-item-17\"><div class=\"gutentor-gallery-item-wrap\"><div class=\"gutentor-single-item-image-box\"><div class=\"gutentor-image-thumb\"><img loading=\"lazy\" decoding=\"async\" class=\"normal-image\" src=\"https:\/\/gartengestaltung-cmeub.de\/web\/wp-content\/uploads\/2022\/08\/pflaster18.jpg\" alt=\"\" height=\"431\" width=\"900\"\/><\/div><\/div><div class=\"gutentor-single-item-content\"><div class=\"gutentor-gallery-item-header\"><a href=\"https:\/\/gartengestaltung-cmeub.de\/web\/wp-content\/uploads\/2022\/08\/pflaster18.jpg\" class=\"image-gallery\"><i class=\"gallery-icon fas fa-search\"><\/i><\/a><\/div><div class=\"gutentor-gallery-item-desc\"><\/div><\/div><\/div><\/div><\/div><\/div><\/div><\/section>\n<\/div><\/div>\n<\/div><\/div><\/section>\n","protected":false},"excerpt":{"rendered":"","protected":false},"author":1,"featured_media":0,"parent":0,"menu_order":0,"comment_status":"closed","ping_status":"closed","template":"template-gutentor-full-width.php","meta":{"footnotes":""},"class_list":["post-214","page","type-page","status-publish","hentry"],"_links":{"self":[{"href":"https:\/\/gartengestaltung-cmeub.de\/web\/wp-json\/wp\/v2\/pages\/214","targetHints":{"allow":["GET"]}}],"collection":[{"href":"https:\/\/gartengestaltung-cmeub.de\/web\/wp-json\/wp\/v2\/pages"}],"about":[{"href":"https:\/\/gartengestaltung-cmeub.de\/web\/wp-json\/wp\/v2\/types\/page"}],"author":[{"embeddable":true,"href":"https:\/\/gartengestaltung-cmeub.de\/web\/wp-json\/wp\/v2\/users\/1"}],"replies":[{"embeddable":true,"href":"https:\/\/gartengestaltung-cmeub.de\/web\/wp-json\/wp\/v2\/comments?post=214"}],"version-history":[{"count":8,"href":"https:\/\/gartengestaltung-cmeub.de\/web\/wp-json\/wp\/v2\/pages\/214\/revisions"}],"predecessor-version":[{"id":685,"href":"https:\/\/gartengestaltung-cmeub.de\/web\/wp-json\/wp\/v2\/pages\/214\/revisions\/685"}],"wp:attachment":[{"href":"https:\/\/gartengestaltung-cmeub.de\/web\/wp-json\/wp\/v2\/media?parent=214"}],"curies":[{"name":"wp","href":"https:\/\/api.w.org\/{rel}","templated":true}]}}