{"id":282,"date":"2022-08-09T16:58:00","date_gmt":"2022-08-09T14:58:00","guid":{"rendered":"https:\/\/gartengestaltung-cmeub.de\/web\/?page_id=282"},"modified":"2022-08-09T16:58:18","modified_gmt":"2022-08-09T14:58:18","slug":"datenschutz","status":"publish","type":"page","link":"https:\/\/gartengestaltung-cmeub.de\/web\/datenschutz\/","title":{"rendered":"Datenschutz"},"content":{"rendered":"\n<div id=\"section-g2bbbee\" class=\"wp-block-gutentor-e6 section-g2bbbee gutentor-element gutentor-element-image\"><div class=\"gutentor-element-image-box\"><div class=\"gutentor-bg-image\"><\/div><\/div><\/div>\n\n\n\n<section id=\"gm0afcbbd\" class=\"wp-block-gutentor-m4 section-gm0afcbbd gutentor-module gutentor-advanced-columns has-image-bg has-custom-bg\"><div class=\"grid-container\"><div class=\"grid-row\">\n<div id=\"col-gmc70ce2\" class=\"wp-block-gutentor-m4-col col-gmc70ce2 gutentor-single-column  grid-lg-12 grid-md-12 grid-12\"><div id=\"section-gmc70ce2\" class=\"section-gmc70ce2 gutentor-col-wrap\">\n<div id=\"section-ga7ed1e\" class=\"wp-block-gutentor-e1 section-ga7ed1e gutentor-element gutentor-element-advanced-text\"><div class=\"gutentor-text-wrap\"><h2 class=\"gutentor-text\">Datenschutz<\/h2><\/div><\/div>\n\n\n\n<div id=\"section-g10df79\" class=\"wp-block-gutentor-e1 section-g10df79 gutentor-element gutentor-element-advanced-text\"><div class=\"gutentor-text-wrap\"><p class=\"gutentor-text\"><strong>Geltungsbereich<\/strong><br>Diese Datenschutzerkl\u00e4rung soll die Nutzer dieser Website gem\u00e4\u00df Bundesdatenschutzgesetz und Telemediengesetz \u00fcber die Art, den Umfang und den Zweck der Erhebung und Verwendung personenbezogener Daten durch den Websitebetreiber informieren. Personenbezogene Daten werden vertraulich und entsprechend der gesetzlichen Vorschriften behandelt.<br><br>Bedenken Sie, dass die Daten\u00fcbertragung im Internet grunds\u00e4tzlich mit Sicherheitsl\u00fccken bedacht sein kann. Ein vollumf\u00e4nglicher Schutz vor dem Zugriff durch Fremde ist nicht realisierbar.<\/p><\/div><\/div>\n<\/div><\/div>\n<\/div><\/div><\/section>\n\n\n\n<section id=\"gm9aeaed7\" class=\"wp-block-gutentor-m4 section-gm9aeaed7 gutentor-module gutentor-advanced-columns\"><div class=\"grid-container\"><div class=\"grid-row\">\n<div id=\"col-gm5abb43\" class=\"wp-block-gutentor-m4-col col-gm5abb43 gutentor-single-column  grid-lg-12 grid-md-12 grid-12\"><div id=\"section-gm5abb43\" class=\"section-gm5abb43 gutentor-col-wrap\">\n<div id=\"section-g10474b\" class=\"wp-block-gutentor-e1 section-g10474b gutentor-element gutentor-element-advanced-text\"><div class=\"gutentor-text-wrap\"><p class=\"gutentor-text\"><strong>Zugriffsdaten<\/strong><br>Der Websitebetreiber bzw. Seitenprovider erhebt Daten \u00fcber Zugriffe auf die Seite und speichert diese als \u201eServer-Logfiles\u201c ab. Folgende Daten werden so protokolliert:<br><br>&#8211; Besuchte Website<br>&#8211; Uhrzeit zum Zeitpunkt des Zugriffes<br>&#8211; Menge der gesendeten Daten in Byte<br>&#8211; Quelle\/Verweis, von welchem Sie auf die Seite gelangten<br>&#8211; Verwendeter Browser<br>&#8211; Verwendetes Betriebssystem<br>&#8211; Verwendete IP-Adresse<br><br>Die erhobenen Daten dienen lediglich statistischen Auswertungen und zur Verbesserung der Website. Der Websitebetreiber beh\u00e4lt sich allerdings vor, die Server-Logfiles nachtr\u00e4glich zu \u00fcberpr\u00fcfen, sollten konkrete Anhaltspunkte auf eine rechtswidrige Nutzung hinweisen.<br><br><strong>Umgang mit personenbezogenen Daten<\/strong><br>Der Websitebetreiber erhebt, nutzt und gibt Ihre personenbezogenen Daten nur dann weiter, wenn dies im gesetzlichen Rahmen erlaubt ist oder Sie in die Datenerhebung einwilligen.<br>Als personenbezogene Daten gelten s\u00e4mtliche Informationen, welche dazu dienen, Ihre Person zu bestimmen und welche zu Ihnen zur\u00fcckverfolgt werden k\u00f6nnen \u2013 also beispielsweise Ihr Name, Ihre E-Mail-Adresse und Telefonnummer.<br><br><strong>Umgang mit Kontaktdaten<br><\/strong> Nehmen Sie mit dem Websitebetreiber durch die angebotenen Kontaktm\u00f6glichkeiten Verbindung auf, werden Ihre Angaben gespeichert, damit auf diese zur Bearbeitung und Beantwortung Ihrer Anfrage zur\u00fcckgegriffen werden kann. Ohne Ihre Einwilligung werden diese Daten nicht an Dritte weitergegeben.<br><br><strong>Rechte des Nutzers<\/strong><br>Auskunft, Berichtigung und L\u00f6schung: Sie als Nutzer erhalten auf Antrag Ihrerseits kostenlose Auskunft dar\u00fcber, welche personenbezogenen Daten \u00fcber Sie gespeichert wurden. Sofern Ihr Wunsch nicht mit einer gesetzlichen Pflicht zur Aufbewahrung von Daten (z. B. Vorratsdatenspeicherung) kollidiert, haben Sie ein Anrecht auf Berichtigung falscher Daten und auf die Sperrung oder L\u00f6schung Ihrer personenbezogenen Daten.<\/p><\/div><\/div>\n<\/div><\/div>\n<\/div><\/div><\/section>\n","protected":false},"excerpt":{"rendered":"","protected":false},"author":1,"featured_media":0,"parent":0,"menu_order":0,"comment_status":"closed","ping_status":"closed","template":"template-gutentor-full-width.php","meta":{"footnotes":""},"class_list":["post-282","page","type-page","status-publish","hentry"],"_links":{"self":[{"href":"https:\/\/gartengestaltung-cmeub.de\/web\/wp-json\/wp\/v2\/pages\/282","targetHints":{"allow":["GET"]}}],"collection":[{"href":"https:\/\/gartengestaltung-cmeub.de\/web\/wp-json\/wp\/v2\/pages"}],"about":[{"href":"https:\/\/gartengestaltung-cmeub.de\/web\/wp-json\/wp\/v2\/types\/page"}],"author":[{"embeddable":true,"href":"https:\/\/gartengestaltung-cmeub.de\/web\/wp-json\/wp\/v2\/users\/1"}],"replies":[{"embeddable":true,"href":"https:\/\/gartengestaltung-cmeub.de\/web\/wp-json\/wp\/v2\/comments?post=282"}],"version-history":[{"count":2,"href":"https:\/\/gartengestaltung-cmeub.de\/web\/wp-json\/wp\/v2\/pages\/282\/revisions"}],"predecessor-version":[{"id":284,"href":"https:\/\/gartengestaltung-cmeub.de\/web\/wp-json\/wp\/v2\/pages\/282\/revisions\/284"}],"wp:attachment":[{"href":"https:\/\/gartengestaltung-cmeub.de\/web\/wp-json\/wp\/v2\/media?parent=282"}],"curies":[{"name":"wp","href":"https:\/\/api.w.org\/{rel}","templated":true}]}}