{"id":42,"date":"2019-10-31T09:51:42","date_gmt":"2019-10-31T09:51:42","guid":{"rendered":"https:\/\/www.demo.cosmoswp.com\/demo-9\/?page_id=56"},"modified":"2022-08-23T11:22:39","modified_gmt":"2022-08-23T09:22:39","slug":"kontakt","status":"publish","type":"page","link":"https:\/\/gartengestaltung-cmeub.de\/web\/kontakt\/","title":{"rendered":"Kontakt"},"content":{"rendered":"\n<div id=\"section-gbdb43f\" class=\"wp-block-gutentor-e6 section-gbdb43f gutentor-element gutentor-element-image\"><div class=\"gutentor-element-image-box\"><div class=\"gutentor-bg-image\"><\/div><\/div><\/div>\n\n\n\n<section id=\"gm0e47ecb\" class=\"wp-block-gutentor-m4 section-gm0e47ecb gutentor-module gutentor-advanced-columns has-image-bg has-custom-bg\"><div class=\"grid-container\"><div class=\"grid-row\">\n<div id=\"col-gm6504f8\" class=\"wp-block-gutentor-m4-col col-gm6504f8 gutentor-single-column  grid-lg-12 grid-md-12 grid-12\"><div id=\"section-gm6504f8\" class=\"section-gm6504f8 gutentor-col-wrap\">\n<div id=\"section-g5a8435\" class=\"wp-block-gutentor-e1 section-g5a8435 gutentor-element gutentor-element-advanced-text\"><div class=\"gutentor-text-wrap\"><h2 class=\"gutentor-text\">Senden Sie uns eine Nachricht<\/h2><\/div><\/div>\n\n\n\n<div id=\"section-g3243de\" class=\"wp-block-gutentor-e1 section-g3243de gutentor-element gutentor-element-advanced-text\"><div class=\"gutentor-text-wrap\"><p class=\"gutentor-text\">Gerne beraten wir Sie in einem unverbindlichen Gespr\u00e4ch zu Ihrem individuellen Vorhaben. <\/p><\/div><\/div>\n<\/div><\/div>\n<\/div><\/div><\/section>\n\n\n\n<section id=\"gm183e1ad\" class=\"wp-block-gutentor-m4 section-gm183e1ad gutentor-module gutentor-advanced-columns\"><div class=\"grid-container\"><div class=\"grid-row\">\n<div id=\"col-gmeac276\" class=\"wp-block-gutentor-m4-col col-gmeac276 gutentor-single-column  grid-lg-6 grid-md-12 grid-12\"><div id=\"section-gmeac276\" class=\"section-gmeac276 gutentor-col-wrap\">\n<div class=\"wp-block-contact-form-7-contact-form-selector\"><div role=\"form\" class=\"wpcf7\" id=\"wpcf7-f5-o1\" lang=\"de-DE\" dir=\"ltr\">\n<div class=\"screen-reader-response\"><p role=\"status\" aria-live=\"polite\" aria-atomic=\"true\"><\/p> <ul><\/ul><\/div>\n<form action=\"\/web\/wp-json\/wp\/v2\/pages\/42#wpcf7-f5-o1\" method=\"post\" class=\"wpcf7-form init\" novalidate=\"novalidate\" data-status=\"init\">\n<div style=\"display: none;\">\n<input type=\"hidden\" name=\"_wpcf7\" value=\"5\" \/>\n<input type=\"hidden\" name=\"_wpcf7_version\" value=\"5.6.1\" \/>\n<input type=\"hidden\" name=\"_wpcf7_locale\" value=\"de_DE\" \/>\n<input type=\"hidden\" name=\"_wpcf7_unit_tag\" value=\"wpcf7-f5-o1\" \/>\n<input type=\"hidden\" name=\"_wpcf7_container_post\" value=\"0\" \/>\n<input type=\"hidden\" name=\"_wpcf7_posted_data_hash\" value=\"\" \/>\n<\/div>\n<p><label> Ihr Name<br \/>\n    <span class=\"wpcf7-form-control-wrap\" data-name=\"your-name\"><input type=\"text\" name=\"your-name\" value=\"\" size=\"40\" class=\"wpcf7-form-control wpcf7-text wpcf7-validates-as-required\" aria-required=\"true\" aria-invalid=\"false\" \/><\/span> <\/label><\/p>\n<p><label> E-Mail-Adresse<br \/>\n    <span class=\"wpcf7-form-control-wrap\" data-name=\"your-email\"><input type=\"email\" name=\"your-email\" value=\"\" size=\"40\" class=\"wpcf7-form-control wpcf7-text wpcf7-email wpcf7-validates-as-required wpcf7-validates-as-email\" aria-required=\"true\" aria-invalid=\"false\" \/><\/span> <\/label><\/p>\n<p><label> Ihre Nachricht<br \/>\n    <span class=\"wpcf7-form-control-wrap\" data-name=\"your-message\"><textarea name=\"your-message\" cols=\"40\" rows=\"10\" class=\"wpcf7-form-control wpcf7-textarea\" aria-invalid=\"false\"><\/textarea><\/span> <\/label><\/p>\n<p><input type=\"submit\" value=\"absenden\" class=\"wpcf7-form-control has-spinner wpcf7-submit\" \/><\/p>\n<div class=\"wpcf7-response-output\" aria-hidden=\"true\"><\/div><\/form><\/div><\/div>\n<\/div><\/div>\n\n\n\n<div id=\"col-gm295cf5\" class=\"wp-block-gutentor-m4-col col-gm295cf5 gutentor-single-column  grid-lg-6 grid-md-12 grid-12\"><div id=\"section-gm295cf5\" class=\"section-gm295cf5 gutentor-col-wrap\">\n<div id=\"section-gd9dd31\" class=\"wp-block-gutentor-e1 section-gd9dd31 gutentor-element gutentor-element-advanced-text\"><div class=\"gutentor-text-wrap\"><h3 class=\"gutentor-text\">Meub Gartengestaltung <\/h3><\/div><\/div>\n\n\n\n<div id=\"section-gf77112\" class=\"wp-block-gutentor-e1 section-gf77112 gutentor-element gutentor-element-advanced-text\"><div class=\"gutentor-text-wrap\"><p class=\"gutentor-text\">Spessartstra\u00dfe 12, Ro\u00dfdorf<br>63486 Bruchk\u00f6bel<\/p><\/div><\/div>\n\n\n\n<div id=\"section-g144a3b\" class=\"wp-block-gutentor-e1 section-g144a3b gutentor-element gutentor-element-advanced-text\"><div class=\"gutentor-text-wrap\"><p class=\"gutentor-text\"><strong>Telefon: (06181) 78 05 50<\/strong><\/p><\/div><\/div>\n\n\n\n<div id=\"section-g816f88\" class=\"wp-block-gutentor-e1 section-g816f88 gutentor-element gutentor-element-advanced-text\"><div class=\"gutentor-text-wrap\"><p class=\"gutentor-text\">E-Mail:&nbsp;<a href=\"mailto:meubc@online.de\">meubc@online.de<\/a><\/p><\/div><\/div>\n<\/div><\/div>\n<\/div><\/div><\/section>\n","protected":false},"excerpt":{"rendered":"","protected":false},"author":1,"featured_media":0,"parent":0,"menu_order":0,"comment_status":"closed","ping_status":"closed","template":"template-gutentor-full-width.php","meta":{"footnotes":""},"class_list":["post-42","page","type-page","status-publish","hentry"],"_links":{"self":[{"href":"https:\/\/gartengestaltung-cmeub.de\/web\/wp-json\/wp\/v2\/pages\/42","targetHints":{"allow":["GET"]}}],"collection":[{"href":"https:\/\/gartengestaltung-cmeub.de\/web\/wp-json\/wp\/v2\/pages"}],"about":[{"href":"https:\/\/gartengestaltung-cmeub.de\/web\/wp-json\/wp\/v2\/types\/page"}],"author":[{"embeddable":true,"href":"https:\/\/gartengestaltung-cmeub.de\/web\/wp-json\/wp\/v2\/users\/1"}],"replies":[{"embeddable":true,"href":"https:\/\/gartengestaltung-cmeub.de\/web\/wp-json\/wp\/v2\/comments?post=42"}],"version-history":[{"count":7,"href":"https:\/\/gartengestaltung-cmeub.de\/web\/wp-json\/wp\/v2\/pages\/42\/revisions"}],"predecessor-version":[{"id":649,"href":"https:\/\/gartengestaltung-cmeub.de\/web\/wp-json\/wp\/v2\/pages\/42\/revisions\/649"}],"wp:attachment":[{"href":"https:\/\/gartengestaltung-cmeub.de\/web\/wp-json\/wp\/v2\/media?parent=42"}],"curies":[{"name":"wp","href":"https:\/\/api.w.org\/{rel}","templated":true}]}}