{"id":48,"date":"2019-10-31T09:50:58","date_gmt":"2019-10-31T09:50:58","guid":{"rendered":"https:\/\/www.demo.cosmoswp.com\/demo-9\/?page_id=50"},"modified":"2022-08-20T13:32:00","modified_gmt":"2022-08-20T11:32:00","slug":"ueber-uns","status":"publish","type":"page","link":"https:\/\/gartengestaltung-cmeub.de\/web\/ueber-uns\/","title":{"rendered":"\u00dcber uns"},"content":{"rendered":"\n<div id=\"section-g3ec8cc\" class=\"wp-block-gutentor-e6 section-g3ec8cc gutentor-element gutentor-element-image\"><div class=\"gutentor-element-image-box\"><div class=\"gutentor-bg-image\"><\/div><\/div><\/div>\n\n\n\n<section id=\"gm298cbeb\" class=\"wp-block-gutentor-m4 section-gm298cbeb gutentor-module gutentor-advanced-columns has-image-bg has-custom-bg\"><div class=\"grid-container\"><div class=\"grid-row\">\n<div id=\"col-gm3b3894\" class=\"wp-block-gutentor-m4-col col-gm3b3894 gutentor-single-column  grid-lg-12 grid-md-12 grid-12\"><div id=\"section-gm3b3894\" class=\"section-gm3b3894 gutentor-col-wrap\">\n<div id=\"section-g0ecae7\" class=\"wp-block-gutentor-e1 section-g0ecae7 gutentor-element gutentor-element-advanced-text\"><div class=\"gutentor-text-wrap\"><h2 class=\"gutentor-text\">Meub Gartengestaltung<\/h2><\/div><\/div>\n\n\n\n<div id=\"section-g506696\" class=\"wp-block-gutentor-e1 section-g506696 gutentor-element gutentor-element-advanced-text\"><div class=\"gutentor-text-wrap\"><p class=\"gutentor-text\">Wir, die Firma Meub, sind schon seit \u00fcber 20 Jahren in Sachen Gartengestaltung, Gartenpflege, Terrassen- und Wegebau f\u00fcr Sie in Bruchk\u00f6bel, Hanau, Frankfurt sowie im Rhein-Main Gebiet und in der ganzen Wetterau t\u00e4tig. <\/p><\/div><\/div>\n\n\n\n<div id=\"section-ga513d7\" class=\"wp-block-gutentor-e1 section-ga513d7 gutentor-element gutentor-element-advanced-text\"><div class=\"gutentor-text-wrap\"><p class=\"gutentor-text\">Neben der \u00c4stetik liegt uns die Natur sehr am Herzen. Deshalb freut es uns immer, wenn wir beides miteinander verbinden k\u00f6nnen:<\/p><\/div><\/div>\n<\/div><\/div>\n<\/div><\/div><\/section>\n\n\n\n<section id=\"gm9b77641\" class=\"wp-block-gutentor-m4 section-gm9b77641 gutentor-module gutentor-advanced-columns\"><div class=\"grid-container\"><div class=\"grid-row\">\n<div id=\"col-gmf640d2\" class=\"wp-block-gutentor-m4-col col-gmf640d2 gutentor-single-column  grid-lg-12 grid-md-12 grid-12\"><div id=\"section-gmf640d2\" class=\"section-gmf640d2 gutentor-col-wrap\">\n<div id=\"section-gdc638f\" class=\"wp-block-gutentor-e1 section-gdc638f gutentor-element gutentor-element-advanced-text\"><div class=\"gutentor-text-wrap\"><h3 class=\"gutentor-text\">Sch\u00f6nheit und \u00d6kologie<\/h3><\/div><\/div>\n\n\n\n<div id=\"section-g523f83\" class=\"wp-block-gutentor-e1 section-g523f83 gutentor-element gutentor-element-advanced-text\"><div class=\"gutentor-text-wrap\"><p class=\"gutentor-text\">Wir freuen uns unseren Kunden hier L\u00f6sungen anzubieten. Auf diesem Gebiet konnten unsere Mitarbeiter \u00fcber die Zeit viele Erfahrungen sammeln. So haben wir, die Firma Meub und ihre Mitarbeiter, nicht nur in Hanau und Bruchk\u00f6bel Biotope, Teichanlagen und \u00f6kologisch wertvolle Natursteinmauern, etwa beim Mauer- und Terrassenbau, f\u00fcr unsere Kunden erstellen k\u00f6nnen.<\/p><\/div><\/div>\n<\/div><\/div>\n<\/div><\/div><\/section>\n","protected":false},"excerpt":{"rendered":"","protected":false},"author":1,"featured_media":0,"parent":0,"menu_order":0,"comment_status":"closed","ping_status":"closed","template":"template-gutentor-full-width.php","meta":{"footnotes":""},"class_list":["post-48","page","type-page","status-publish","hentry"],"_links":{"self":[{"href":"https:\/\/gartengestaltung-cmeub.de\/web\/wp-json\/wp\/v2\/pages\/48","targetHints":{"allow":["GET"]}}],"collection":[{"href":"https:\/\/gartengestaltung-cmeub.de\/web\/wp-json\/wp\/v2\/pages"}],"about":[{"href":"https:\/\/gartengestaltung-cmeub.de\/web\/wp-json\/wp\/v2\/types\/page"}],"author":[{"embeddable":true,"href":"https:\/\/gartengestaltung-cmeub.de\/web\/wp-json\/wp\/v2\/users\/1"}],"replies":[{"embeddable":true,"href":"https:\/\/gartengestaltung-cmeub.de\/web\/wp-json\/wp\/v2\/comments?post=48"}],"version-history":[{"count":6,"href":"https:\/\/gartengestaltung-cmeub.de\/web\/wp-json\/wp\/v2\/pages\/48\/revisions"}],"predecessor-version":[{"id":608,"href":"https:\/\/gartengestaltung-cmeub.de\/web\/wp-json\/wp\/v2\/pages\/48\/revisions\/608"}],"wp:attachment":[{"href":"https:\/\/gartengestaltung-cmeub.de\/web\/wp-json\/wp\/v2\/media?parent=48"}],"curies":[{"name":"wp","href":"https:\/\/api.w.org\/{rel}","templated":true}]}}