{"id":52,"date":"2019-10-31T07:46:42","date_gmt":"2019-10-31T07:46:42","guid":{"rendered":"https:\/\/www.demo.cosmoswp.com\/demo-9\/?page_id=4"},"modified":"2022-09-05T10:23:52","modified_gmt":"2022-09-05T08:23:52","slug":"home","status":"publish","type":"page","link":"https:\/\/gartengestaltung-cmeub.de\/web\/","title":{"rendered":"WILLKOMMEN"},"content":{"rendered":"\n<section id=\"section-06ec878c-3740-4440-81b3-beceb585f2c3\" class=\"wp-block-gutentor-image-slider gutentor-section gutentor-image-slider imageSlider-template1 text-left\"><div class=\"gutentor-grid-item-wrap\"><div class=\"gutentor-slider-wrapper\" data-dots=\"true\" data-arrows=\"false\" data-infinite=\"true\" data-nextarrow=\"fas fa-angle-right\" data-prevarrow=\"fas fa-angle-left\" data-autoplay=\"true\" data-autoplayspeed=\"4000\" data-fade=\"true\" data-speed=\"2000\"><div class=\"gutentor-slider-item\"><div class=\"gutentor-single-item gutentor-single-item-0\"><div class=\"gutentor-single-item-wrap\"><div class=\"gutentor-single-item-image-box\"><div class=\"gutentor-bg-image\"><div class=\"overlay\"><\/div><\/div><\/div><div class=\"gutentor-single-item-content\"><div class=\"grid-container\"><div class=\"slider-caption text-left\"><h3 class=\"gutentor-single-item-title\">Individuelle Gartengestaltung <\/h3><p class=\"gutentor-single-item-desc\">Gartenpflege, Terrassen- und Wegebau, Pflasterarbeiten<\/p><\/div><\/div><\/div><\/div><\/div><\/div><div class=\"gutentor-slider-item\"><div class=\"gutentor-single-item gutentor-single-item-1\"><div class=\"gutentor-single-item-wrap\"><div class=\"gutentor-single-item-image-box\"><div class=\"gutentor-bg-image\"><div class=\"overlay\"><\/div><\/div><\/div><div class=\"gutentor-single-item-content\"><div class=\"grid-container\"><div class=\"slider-caption text-left\"><h3 class=\"gutentor-single-item-title\">Neu- und Umgestaltung von G\u00e4rten und Au\u00dfenanlagen<\/h3><p class=\"gutentor-single-item-desc\">Ob japanischer, mediterraner oder individueller Gartenstil &#8211; wir finden mit Ihnen das passende Konzept<\/p><\/div><\/div><\/div><\/div><\/div><\/div><div class=\"gutentor-slider-item\"><div class=\"gutentor-single-item gutentor-single-item-2\"><div class=\"gutentor-single-item-wrap\"><div class=\"gutentor-single-item-image-box\"><div class=\"gutentor-bg-image\"><div class=\"overlay\"><\/div><\/div><\/div><div class=\"gutentor-single-item-content\"><div class=\"grid-container\"><div class=\"slider-caption text-left\"><h3 class=\"gutentor-single-item-title\">Alles f\u00fcr Ihren Traumgarten<\/h3><p class=\"gutentor-single-item-desc\">Gartenplanung, Pflasterarbeiten, Zaunmontagen und Trockenmauern<\/p><\/div><\/div><\/div><\/div><\/div><\/div><\/div><\/div><\/section>\n\n\n\n<section id=\"gm9132b31\" class=\"wp-block-gutentor-m4 section-gm9132b31 gutentor-module gutentor-advanced-columns has-image-bg has-custom-bg\"><div class=\"grid-container\"><div class=\"grid-row\">\n<div id=\"col-gm1021c0\" class=\"wp-block-gutentor-m4-col col-gm1021c0 gutentor-single-column  grid-lg-12 grid-md-12 grid-12\"><div id=\"section-gm1021c0\" class=\"section-gm1021c0 gutentor-col-wrap\">\n<div id=\"section-g926d4f\" class=\"wp-block-gutentor-e1 section-g926d4f gutentor-element gutentor-element-advanced-text text-align-center-desktop text-align-center-tablet\"><div class=\"gutentor-text-wrap\"><h2 class=\"gutentor-text\">Ihr Partner f\u00fcr kreative Gartengestaltung<\/h2><\/div><\/div>\n\n\n\n<div id=\"section-ge6aa8c\" class=\"wp-block-gutentor-e1 section-ge6aa8c gutentor-element gutentor-element-advanced-text text-align-center-desktop\"><div class=\"gutentor-text-wrap\"><p class=\"gutentor-text\">Seit \u00fcber 20 Jahren sind in Sachen Gartengestaltung, Gartenpflege, Terrassen- und Wegebau f\u00fcr Sie in Bruchk\u00f6bel, Hanau, Frankfurt sowie im Rhein-Main Gebiet und in der ganzen Wetterau t\u00e4tig. Aufgrund unserer treuen und zufriedenen Kunden konnten wir unser Angebot stetig erweitern. <\/p><\/div><\/div>\n\n\n\n<div id=\"section-g688f1e\" class=\"wp-block-gutentor-e1 section-g688f1e gutentor-element gutentor-element-advanced-text text-align-center-desktop text-align-center-tablet\"><div class=\"gutentor-text-wrap\"><h4 class=\"gutentor-text\">Gerne beraten wir Sie zu Ihrer individuellen Gartengestaltung!<\/h4><\/div><\/div>\n<\/div><\/div>\n<\/div><\/div><\/section>\n\n\n\n<section id=\"gm10c6cca\" class=\"wp-block-gutentor-m4 section-gm10c6cca gutentor-module gutentor-advanced-columns has-gutentor-overlay\"><div class=\"grid-container\"><div class=\"grid-row\">\n<div id=\"col-gm6e109e\" class=\"wp-block-gutentor-m4-col col-gm6e109e gutentor-single-column  grid-lg-4 grid-md-12 grid-12\"><div id=\"section-gm6e109e\" class=\"section-gm6e109e gutentor-col-wrap has-color-bg has-custom-bg\">\n<div id=\"section-g78a5f2\" class=\"wp-block-gutentor-e6 section-g78a5f2 gutentor-element gutentor-element-image\"><div class=\"gutentor-element-image-box\"><a class=\"gutentor-element-image-link\" href=\"https:\/\/gartengestaltung-cmeub.de\/web\/gartengestaltung\/\"><div class=\"gutentor-image-thumb\"><img decoding=\"async\" class=\"normal-image\" src=\"https:\/\/gartengestaltung-cmeub.de\/web\/wp-content\/uploads\/2022\/08\/garten-teaser.jpg\"\/><div class=\"overlay\"><\/div><\/div><\/a><\/div><\/div>\n\n\n\n<div id=\"section-gfa2408\" class=\"wp-block-gutentor-e1 section-gfa2408 gutentor-element gutentor-element-advanced-text text-align-center-desktop text-align-center-tablet text-align-center-mobile\"><div class=\"gutentor-text-wrap\"><h5 class=\"gutentor-text\">GARTENGESTALTUNG<\/h5><\/div><\/div>\n\n\n\n<div id=\"section-gcf4311\" class=\"wp-block-gutentor-e1 section-gcf4311 gutentor-element gutentor-element-advanced-text text-align-center-desktop text-align-center-tablet text-align-center-mobile\"><div class=\"gutentor-text-wrap\"><p class=\"gutentor-text\">Individuelle und kreative Gestaltung von G\u00e4rten und Au\u00dfenanlagen<\/p><\/div><\/div>\n\n\n\n<div id=\"section-g4b0242\" class=\"wp-block-gutentor-e2 section-g4b0242 gutentor-element gutentor-element-button button-align-center-desktop button-align-center-tablet button-align-center-mobile\"><span class=\"gutentor-button-wrap\"><a class=\"gutentor-button gutentor-block-button gutentor-icon-before\" href=\"https:\/\/gartengestaltung-cmeub.de\/web\/gartengestaltung\/\"><i class=\"gutentor-button-icon fas fa-angle-double-right\"><\/i><span>Referenzen<\/span><\/a><\/span><\/div>\n<\/div><\/div>\n\n\n\n<div id=\"col-gm012d99\" class=\"wp-block-gutentor-m4-col col-gm012d99 gutentor-single-column  grid-lg-4 grid-md-12 grid-12\"><div id=\"section-gm012d99\" class=\"section-gm012d99 gutentor-col-wrap has-color-bg has-custom-bg\">\n<div id=\"section-g3e47fd\" class=\"wp-block-gutentor-e6 section-g3e47fd gutentor-element gutentor-element-image\"><div class=\"gutentor-element-image-box\"><a class=\"gutentor-element-image-link\" href=\"https:\/\/gartengestaltung-cmeub.de\/web\/trockenmauern\/\"><div class=\"gutentor-image-thumb\"><img decoding=\"async\" class=\"normal-image\" src=\"https:\/\/gartengestaltung-cmeub.de\/web\/wp-content\/uploads\/2022\/08\/trockenmauer-taeser.jpg\"\/><div class=\"overlay\"><\/div><\/div><\/a><\/div><\/div>\n\n\n\n<div id=\"section-g0d9f91\" class=\"wp-block-gutentor-e1 section-g0d9f91 gutentor-element gutentor-element-advanced-text text-align-center-desktop text-align-center-mobile\"><div class=\"gutentor-text-wrap\"><h5 class=\"gutentor-text\">NATURSTEINMAUERN<\/h5><\/div><\/div>\n\n\n\n<div id=\"section-g197542\" class=\"wp-block-gutentor-e1 section-g197542 gutentor-element gutentor-element-advanced-text text-align-center-desktop text-align-center-mobile\"><div class=\"gutentor-text-wrap\"><p class=\"gutentor-text\">Mauern &amp; Elemente aus Naturstein &#8211;  sch\u00f6n, stabil &amp; \u00f6kologisch <\/p><\/div><\/div>\n\n\n\n<div id=\"section-g6a706e\" class=\"wp-block-gutentor-e2 section-g6a706e gutentor-element gutentor-element-button button-align-center-desktop button-align-center-mobile\"><span class=\"gutentor-button-wrap\"><a class=\"gutentor-button gutentor-block-button gutentor-icon-before\" href=\"https:\/\/gartengestaltung-cmeub.de\/web\/trockenmauern\/\"><i class=\"gutentor-button-icon fas fa-angle-double-right\"><\/i><span>Referenzen<\/span><\/a><\/span><\/div>\n<\/div><\/div>\n\n\n\n<div id=\"col-gmfb8ffa\" class=\"wp-block-gutentor-m4-col col-gmfb8ffa gutentor-single-column  grid-lg-4 grid-md-12 grid-12\"><div id=\"section-gmfb8ffa\" class=\"section-gmfb8ffa gutentor-col-wrap has-color-bg has-custom-bg\">\n<div id=\"section-g9ec552\" class=\"wp-block-gutentor-e6 section-g9ec552 gutentor-element gutentor-element-image\"><div class=\"gutentor-element-image-box\"><a class=\"gutentor-element-image-link\" href=\"https:\/\/gartengestaltung-cmeub.de\/web\/zaeune\/\"><div class=\"gutentor-image-thumb\"><img decoding=\"async\" class=\"normal-image\" src=\"https:\/\/gartengestaltung-cmeub.de\/web\/wp-content\/uploads\/2022\/08\/zaun-teaser.jpg\"\/><div class=\"overlay\"><\/div><\/div><\/a><\/div><\/div>\n\n\n\n<div id=\"section-g7d2497\" class=\"wp-block-gutentor-e1 section-g7d2497 gutentor-element gutentor-element-advanced-text text-align-center-desktop text-align-center-mobile\"><div class=\"gutentor-text-wrap\"><h5 class=\"gutentor-text\">Z\u00c4UNE UND GABIONEN<\/h5><\/div><\/div>\n\n\n\n<div id=\"section-ge4acd9\" class=\"wp-block-gutentor-e1 section-ge4acd9 gutentor-element gutentor-element-advanced-text text-align-center-desktop text-align-center-mobile\"><div class=\"gutentor-text-wrap\"><p class=\"gutentor-text\">Planung &amp; Montage von Zaunanlagen und Gabionen<\/p><\/div><\/div>\n\n\n\n<div id=\"section-g6c8e4a\" class=\"wp-block-gutentor-e2 section-g6c8e4a gutentor-element gutentor-element-button button-align-center-desktop button-align-center-mobile\"><span class=\"gutentor-button-wrap\"><a class=\"gutentor-button gutentor-block-button gutentor-icon-before\" href=\"https:\/\/gartengestaltung-cmeub.de\/web\/zaeune\/\"><i class=\"gutentor-button-icon fas fa-angle-double-right\"><\/i><span>Referenzen<\/span><\/a><\/span><\/div>\n<\/div><\/div>\n<\/div><\/div><\/section>\n\n\n\n<section id=\"gm755994b\" class=\"wp-block-gutentor-m4 section-gm755994b gutentor-module gutentor-advanced-columns\"><div class=\"grid-container\"><div class=\"grid-row\">\n<div id=\"col-gm575050\" class=\"wp-block-gutentor-m4-col col-gm575050 gutentor-single-column  grid-lg-4 grid-md-12 grid-12\"><div id=\"section-gm575050\" class=\"section-gm575050 gutentor-col-wrap has-color-bg has-custom-bg\">\n<div id=\"section-g251c08\" class=\"wp-block-gutentor-e6 section-g251c08 gutentor-element gutentor-element-image\"><div class=\"gutentor-element-image-box\"><a class=\"gutentor-element-image-link\" href=\"https:\/\/gartengestaltung-cmeub.de\/web\/pflastern\/\"><div class=\"gutentor-image-thumb\"><img decoding=\"async\" class=\"normal-image\" src=\"https:\/\/gartengestaltung-cmeub.de\/web\/wp-content\/uploads\/2022\/08\/teaser-wege2.jpg\"\/><div class=\"overlay\"><\/div><\/div><\/a><\/div><\/div>\n\n\n\n<div id=\"section-gec0633\" class=\"wp-block-gutentor-e1 section-gec0633 gutentor-element gutentor-element-advanced-text text-align-center-desktop text-align-center-tablet text-align-center-mobile\"><div class=\"gutentor-text-wrap\"><h5 class=\"gutentor-text\">WEGE &amp; EINFAHRTEN<\/h5><\/div><\/div>\n\n\n\n<div id=\"section-g1cbf87\" class=\"wp-block-gutentor-e1 section-g1cbf87 gutentor-element gutentor-element-advanced-text text-align-center-desktop text-align-center-tablet text-align-center-mobile\"><div class=\"gutentor-text-wrap\"><p class=\"gutentor-text\">Treppen, Hauseing\u00e4nge, Garageneinfahrten<\/p><\/div><\/div>\n\n\n\n<div id=\"section-g038d56\" class=\"wp-block-gutentor-e2 section-g038d56 gutentor-element gutentor-element-button button-align-center-desktop button-align-center-tablet button-align-center-mobile\"><span class=\"gutentor-button-wrap\"><a class=\"gutentor-button gutentor-block-button gutentor-icon-before\" href=\"https:\/\/gartengestaltung-cmeub.de\/web\/pflastern\/\"><i class=\"gutentor-button-icon fas fa-angle-double-right\"><\/i><span>Referenzen<\/span><\/a><\/span><\/div>\n<\/div><\/div>\n\n\n\n<div id=\"col-gm1fb3ea\" class=\"wp-block-gutentor-m4-col col-gm1fb3ea gutentor-single-column  grid-lg-4 grid-md-12 grid-12\"><div id=\"section-gm1fb3ea\" class=\"section-gm1fb3ea gutentor-col-wrap has-color-bg has-custom-bg\">\n<div id=\"section-ge43ae2\" class=\"wp-block-gutentor-e6 section-ge43ae2 gutentor-element gutentor-element-image\"><div class=\"gutentor-element-image-box\"><a class=\"gutentor-element-image-link\" href=\"https:\/\/gartengestaltung-cmeub.de\/web\/mauern\/\"><div class=\"gutentor-image-thumb\"><img decoding=\"async\" class=\"normal-image\" src=\"https:\/\/gartengestaltung-cmeub.de\/web\/wp-content\/uploads\/2022\/08\/teaser-mauer.jpg\"\/><div class=\"overlay\"><\/div><\/div><\/a><\/div><\/div>\n\n\n\n<div id=\"section-gf1d872\" class=\"wp-block-gutentor-e1 section-gf1d872 gutentor-element gutentor-element-advanced-text text-align-center-desktop text-align-center-tablet text-align-center-mobile\"><div class=\"gutentor-text-wrap\"><h5 class=\"gutentor-text\">MAUERN<\/h5><\/div><\/div>\n\n\n\n<div id=\"section-g10deda\" class=\"wp-block-gutentor-e1 section-g10deda gutentor-element gutentor-element-advanced-text text-align-center-desktop text-align-center-tablet text-align-center-mobile\"><div class=\"gutentor-text-wrap\"><p class=\"gutentor-text\">Gartenmauern,<br>Abgrenzungen<\/p><\/div><\/div>\n\n\n\n<div id=\"section-gfc0391\" class=\"wp-block-gutentor-e2 section-gfc0391 gutentor-element gutentor-element-button button-align-center-desktop button-align-center-tablet button-align-center-mobile\"><span class=\"gutentor-button-wrap\"><a class=\"gutentor-button gutentor-block-button gutentor-icon-before\" href=\"https:\/\/gartengestaltung-cmeub.de\/web\/mauern\/\"><i class=\"gutentor-button-icon fas fa-angle-double-right\"><\/i><span>Referenzen<\/span><\/a><\/span><\/div>\n<\/div><\/div>\n\n\n\n<div id=\"col-gm55c634\" class=\"wp-block-gutentor-m4-col col-gm55c634 gutentor-single-column  grid-lg-4 grid-md-12 grid-12\"><div id=\"section-gm55c634\" class=\"section-gm55c634 gutentor-col-wrap has-color-bg has-custom-bg\">\n<div id=\"section-g894d9b\" class=\"wp-block-gutentor-e6 section-g894d9b gutentor-element gutentor-element-image\"><div class=\"gutentor-element-image-box\"><a class=\"gutentor-element-image-link\" href=\"https:\/\/gartengestaltung-cmeub.de\/web\/terrassen-balkone\/\"><div class=\"gutentor-image-thumb\"><img decoding=\"async\" class=\"normal-image\" src=\"https:\/\/gartengestaltung-cmeub.de\/web\/wp-content\/uploads\/2022\/08\/terrassen-teaser.jpg\"\/><\/div><\/a><\/div><\/div>\n\n\n\n<div id=\"section-ga50a2e\" class=\"wp-block-gutentor-e1 section-ga50a2e gutentor-element gutentor-element-advanced-text text-align-center-desktop text-align-center-mobile\"><div class=\"gutentor-text-wrap\"><h5 class=\"gutentor-text\">TERRASSEN<\/h5><\/div><\/div>\n\n\n\n<div id=\"section-g3d9079\" class=\"wp-block-gutentor-e1 section-g3d9079 gutentor-element gutentor-element-advanced-text text-align-center-desktop text-align-center-mobile\"><div class=\"gutentor-text-wrap\"><p class=\"gutentor-text\">Terrassen zum Wohlf\u00fchlen und Entspannen.<\/p><\/div><\/div>\n\n\n\n<div id=\"section-gff3969\" class=\"wp-block-gutentor-e2 section-gff3969 gutentor-element gutentor-element-button button-align-center-desktop button-align-center-mobile\"><span class=\"gutentor-button-wrap\"><a class=\"gutentor-button gutentor-block-button gutentor-icon-before\" href=\"https:\/\/gartengestaltung-cmeub.de\/web\/terrassen-balkone\/\"><i class=\"gutentor-button-icon fas fa-angle-double-right\"><\/i><span>Referenzen<\/span><\/a><\/span><\/div>\n<\/div><\/div>\n<\/div><\/div><\/section>\n","protected":false},"excerpt":{"rendered":"","protected":false},"author":1,"featured_media":0,"parent":0,"menu_order":0,"comment_status":"closed","ping_status":"closed","template":"template-gutentor-full-width.php","meta":{"footnotes":""},"class_list":["post-52","page","type-page","status-publish","hentry"],"_links":{"self":[{"href":"https:\/\/gartengestaltung-cmeub.de\/web\/wp-json\/wp\/v2\/pages\/52","targetHints":{"allow":["GET"]}}],"collection":[{"href":"https:\/\/gartengestaltung-cmeub.de\/web\/wp-json\/wp\/v2\/pages"}],"about":[{"href":"https:\/\/gartengestaltung-cmeub.de\/web\/wp-json\/wp\/v2\/types\/page"}],"author":[{"embeddable":true,"href":"https:\/\/gartengestaltung-cmeub.de\/web\/wp-json\/wp\/v2\/users\/1"}],"replies":[{"embeddable":true,"href":"https:\/\/gartengestaltung-cmeub.de\/web\/wp-json\/wp\/v2\/comments?post=52"}],"version-history":[{"count":64,"href":"https:\/\/gartengestaltung-cmeub.de\/web\/wp-json\/wp\/v2\/pages\/52\/revisions"}],"predecessor-version":[{"id":680,"href":"https:\/\/gartengestaltung-cmeub.de\/web\/wp-json\/wp\/v2\/pages\/52\/revisions\/680"}],"wp:attachment":[{"href":"https:\/\/gartengestaltung-cmeub.de\/web\/wp-json\/wp\/v2\/media?parent=52"}],"curies":[{"name":"wp","href":"https:\/\/api.w.org\/{rel}","templated":true}]}}